{"id":760,"date":"2025-05-07T15:37:28","date_gmt":"2025-05-07T15:37:28","guid":{"rendered":"https:\/\/www.hellsangelsmcbarcelona.es\/?post_type=product&#038;p=760"},"modified":"2025-05-07T15:37:44","modified_gmt":"2025-05-07T15:37:44","slug":"sock-1-bn","status":"publish","type":"product","link":"https:\/\/www.hellsangelsmcbarcelona.es\/index.php\/producto\/sock-1-bn\/","title":{"rendered":"SOCK 1 BN"},"content":{"rendered":"<p>SHOCK 1 BN -Calcetines blancos con franjas negras support de medida universal.<\/p>\n","protected":false},"excerpt":{"rendered":"<p>SHOCK 1 BN -Calcetines blancos con franjas negras support de medida universal.<\/p>\n<p>A partir de 10 unidades puedes hacer tu propio dise\u00f1o estampado a un precio m\u00e1s econ\u00f3mico.Si est\u00e1s interesado, escribe a brmbarcelona@gmail.com y te informamos.<\/p>\n<p>&nbsp;<\/p>\n","protected":false},"featured_media":784,"template":"","meta":[],"product_brand":[],"product_cat":[38,39,37,46],"product_tag":[],"class_list":{"0":"post-760","1":"product","2":"type-product","3":"status-publish","4":"has-post-thumbnail","6":"product_cat-complementos","7":"product_cat-hombre","8":"product_cat-mujer","9":"product_cat-nino-nina","11":"first","12":"instock","13":"featured","14":"shipping-taxable","15":"purchasable","16":"product-type-simple"},"_links":{"self":[{"href":"https:\/\/www.hellsangelsmcbarcelona.es\/index.php\/wp-json\/wp\/v2\/product\/760","targetHints":{"allow":["GET"]}}],"collection":[{"href":"https:\/\/www.hellsangelsmcbarcelona.es\/index.php\/wp-json\/wp\/v2\/product"}],"about":[{"href":"https:\/\/www.hellsangelsmcbarcelona.es\/index.php\/wp-json\/wp\/v2\/types\/product"}],"wp:featuredmedia":[{"embeddable":true,"href":"https:\/\/www.hellsangelsmcbarcelona.es\/index.php\/wp-json\/wp\/v2\/media\/784"}],"wp:attachment":[{"href":"https:\/\/www.hellsangelsmcbarcelona.es\/index.php\/wp-json\/wp\/v2\/media?parent=760"}],"wp:term":[{"taxonomy":"product_brand","embeddable":true,"href":"https:\/\/www.hellsangelsmcbarcelona.es\/index.php\/wp-json\/wp\/v2\/product_brand?post=760"},{"taxonomy":"product_cat","embeddable":true,"href":"https:\/\/www.hellsangelsmcbarcelona.es\/index.php\/wp-json\/wp\/v2\/product_cat?post=760"},{"taxonomy":"product_tag","embeddable":true,"href":"https:\/\/www.hellsangelsmcbarcelona.es\/index.php\/wp-json\/wp\/v2\/product_tag?post=760"}],"curies":[{"name":"wp","href":"https:\/\/api.w.org\/{rel}","templated":true}]}}