{"id":753,"date":"2025-05-07T15:37:27","date_gmt":"2025-05-07T15:37:27","guid":{"rendered":"https:\/\/www.hellsangelsmcbarcelona.es\/?post_type=product&#038;p=753"},"modified":"2025-05-07T15:37:34","modified_gmt":"2025-05-07T15:37:34","slug":"masc1-mascarilla-support-81","status":"publish","type":"product","link":"https:\/\/www.hellsangelsmcbarcelona.es\/index.php\/producto\/masc1-mascarilla-support-81\/","title":{"rendered":"Masc1-mascarilla support 81"},"content":{"rendered":"<p>Mascarilla suport 81 . Textil Reutilizable\u00a0 y lavable.<\/p>\n","protected":false},"excerpt":{"rendered":"<p>Mascarilla reutilizable textil support 81 Barcelona.<\/p>\n<p>Eficacia filtraci\u00f3n bacteriana 95 %<\/p>\n<p>36 lavados a m\u00e1s de 60\u00ba sin perder eficacia.Tejido antibacteriano.<\/p>\n<p>100% poliester y acolchado interior.<\/p>\n<p>&nbsp;<\/p>\n<p>A partir de 100 unidades puedes hacer tu propio dise\u00f1o estampado a un precio m\u00e1s econ\u00f3mico.Si est\u00e1s interesado, escribe a brmbarcelona@gmail.com y te informamos.<\/p>\n<p>&nbsp;<\/p>\n","protected":false},"featured_media":773,"template":"","meta":[],"product_brand":[],"product_cat":[38,39,37],"product_tag":[],"class_list":{"0":"post-753","1":"product","2":"type-product","3":"status-publish","4":"has-post-thumbnail","6":"product_cat-complementos","7":"product_cat-hombre","8":"product_cat-mujer","10":"first","11":"instock","12":"featured","13":"shipping-taxable","14":"purchasable","15":"product-type-simple"},"_links":{"self":[{"href":"https:\/\/www.hellsangelsmcbarcelona.es\/index.php\/wp-json\/wp\/v2\/product\/753","targetHints":{"allow":["GET"]}}],"collection":[{"href":"https:\/\/www.hellsangelsmcbarcelona.es\/index.php\/wp-json\/wp\/v2\/product"}],"about":[{"href":"https:\/\/www.hellsangelsmcbarcelona.es\/index.php\/wp-json\/wp\/v2\/types\/product"}],"wp:featuredmedia":[{"embeddable":true,"href":"https:\/\/www.hellsangelsmcbarcelona.es\/index.php\/wp-json\/wp\/v2\/media\/773"}],"wp:attachment":[{"href":"https:\/\/www.hellsangelsmcbarcelona.es\/index.php\/wp-json\/wp\/v2\/media?parent=753"}],"wp:term":[{"taxonomy":"product_brand","embeddable":true,"href":"https:\/\/www.hellsangelsmcbarcelona.es\/index.php\/wp-json\/wp\/v2\/product_brand?post=753"},{"taxonomy":"product_cat","embeddable":true,"href":"https:\/\/www.hellsangelsmcbarcelona.es\/index.php\/wp-json\/wp\/v2\/product_cat?post=753"},{"taxonomy":"product_tag","embeddable":true,"href":"https:\/\/www.hellsangelsmcbarcelona.es\/index.php\/wp-json\/wp\/v2\/product_tag?post=753"}],"curies":[{"name":"wp","href":"https:\/\/api.w.org\/{rel}","templated":true}]}}