{"id":475,"date":"2025-05-07T11:44:51","date_gmt":"2025-05-07T11:44:51","guid":{"rendered":"https:\/\/www.hellsangelsmcbarcelona.es\/?post_type=product&#038;p=475"},"modified":"2025-05-07T11:45:06","modified_gmt":"2025-05-07T11:45:06","slug":"vestido-corto-ajustado-bordado","status":"publish","type":"product","link":"https:\/\/www.hellsangelsmcbarcelona.es\/index.php\/producto\/vestido-corto-ajustado-bordado\/","title":{"rendered":"Vestido corto ajustado bordado"},"content":{"rendered":"","protected":false},"excerpt":{"rendered":"<p>Vestido corto de canal\u00e9 ajustado con bordado pu\u00f1al y coraz\u00f3n.<\/p>\n","protected":false},"featured_media":503,"template":"","meta":[],"product_brand":[],"product_cat":[37],"product_tag":[],"class_list":{"0":"post-475","1":"product","2":"type-product","3":"status-publish","4":"has-post-thumbnail","6":"product_cat-mujer","8":"first","9":"instock","10":"sale","11":"shipping-taxable","12":"purchasable","13":"product-type-variable"},"_links":{"self":[{"href":"https:\/\/www.hellsangelsmcbarcelona.es\/index.php\/wp-json\/wp\/v2\/product\/475","targetHints":{"allow":["GET"]}}],"collection":[{"href":"https:\/\/www.hellsangelsmcbarcelona.es\/index.php\/wp-json\/wp\/v2\/product"}],"about":[{"href":"https:\/\/www.hellsangelsmcbarcelona.es\/index.php\/wp-json\/wp\/v2\/types\/product"}],"wp:featuredmedia":[{"embeddable":true,"href":"https:\/\/www.hellsangelsmcbarcelona.es\/index.php\/wp-json\/wp\/v2\/media\/503"}],"wp:attachment":[{"href":"https:\/\/www.hellsangelsmcbarcelona.es\/index.php\/wp-json\/wp\/v2\/media?parent=475"}],"wp:term":[{"taxonomy":"product_brand","embeddable":true,"href":"https:\/\/www.hellsangelsmcbarcelona.es\/index.php\/wp-json\/wp\/v2\/product_brand?post=475"},{"taxonomy":"product_cat","embeddable":true,"href":"https:\/\/www.hellsangelsmcbarcelona.es\/index.php\/wp-json\/wp\/v2\/product_cat?post=475"},{"taxonomy":"product_tag","embeddable":true,"href":"https:\/\/www.hellsangelsmcbarcelona.es\/index.php\/wp-json\/wp\/v2\/product_tag?post=475"}],"curies":[{"name":"wp","href":"https:\/\/api.w.org\/{rel}","templated":true}]}}